{"id":5198,"date":"2025-07-16T20:59:14","date_gmt":"2025-07-16T18:59:14","guid":{"rendered":"https:\/\/queretaroemprende.com\/saborex\/?post_type=product&#038;p=5198"},"modified":"2025-07-16T21:12:02","modified_gmt":"2025-07-16T19:12:02","slug":"saborizantes-paleta","status":"publish","type":"product","link":"https:\/\/queretaroemprende.com\/saborex\/product\/saborizantes-paleta\/","title":{"rendered":"Saborizantes Paleta"},"content":{"rendered":"","protected":false},"excerpt":{"rendered":"<p><strong>Variedades:<\/strong><\/p>\n<p>Cola, Coco, Chocolate, Durazno, Durazno BR, Frambuesa, Limonada, Fresa, Fresa BR, Grosella, Grosella BR, Guayaba, Jamaica, Jerez, Lim\u00f3n, Lim\u00f3n BR, Lim\u00f3n Cristalino, Mango, Mango Turbio, Manzana, Naranja, Naranja BR, Naranja Sin Color, Naranjada, Naranjada Soto, Naranjada Jp, Nuez Con Color, Nuez Sin Color, Pi\u00f1a, Pi\u00f1a BR, Pistache, Pl\u00e1tano, Rompope, Rompope Sin Color, Rompope Turbio, Ron Mantequilla, Tamarindo (Pulpa-Natural), Tamarindo Turbio, Uva, Uva Br, Uva Charly, Uva Soto, Moka, Vainilla sin Color, Mora Azul, Cereza, Ciruela, Chamoy, Guan\u00e1bana, Mel\u00f3n, Menta, Sandia, Tutifruti, Vainilla Amarillo, Vainilla Oscuro, Pi\u00f1a Colada, Ponche de Frutas, Tutifruti Rosa, Sangr\u00eda, Caf\u00e9, Maracuy\u00e1, Crema Irlandesa, Licor de Caf\u00e9, Pi\u00f1\u00f3n, Manzana Sidra y Chocolate Fresco.<\/p>\n","protected":false},"featured_media":0,"comment_status":"closed","ping_status":"closed","template":"","meta":[],"product_brand":[],"product_cat":[32],"product_tag":[81,74],"class_list":{"0":"post-5198","1":"product","2":"type-product","3":"status-publish","5":"product_cat-saborizantes","6":"product_tag-paleta","7":"product_tag-saborizantes","9":"first","10":"instock","11":"shipping-taxable","12":"product-type-simple"},"_links":{"self":[{"href":"https:\/\/queretaroemprende.com\/saborex\/wp-json\/wp\/v2\/product\/5198","targetHints":{"allow":["GET"]}}],"collection":[{"href":"https:\/\/queretaroemprende.com\/saborex\/wp-json\/wp\/v2\/product"}],"about":[{"href":"https:\/\/queretaroemprende.com\/saborex\/wp-json\/wp\/v2\/types\/product"}],"replies":[{"embeddable":true,"href":"https:\/\/queretaroemprende.com\/saborex\/wp-json\/wp\/v2\/comments?post=5198"}],"version-history":[{"count":8,"href":"https:\/\/queretaroemprende.com\/saborex\/wp-json\/wp\/v2\/product\/5198\/revisions"}],"predecessor-version":[{"id":5206,"href":"https:\/\/queretaroemprende.com\/saborex\/wp-json\/wp\/v2\/product\/5198\/revisions\/5206"}],"wp:attachment":[{"href":"https:\/\/queretaroemprende.com\/saborex\/wp-json\/wp\/v2\/media?parent=5198"}],"wp:term":[{"taxonomy":"product_brand","embeddable":true,"href":"https:\/\/queretaroemprende.com\/saborex\/wp-json\/wp\/v2\/product_brand?post=5198"},{"taxonomy":"product_cat","embeddable":true,"href":"https:\/\/queretaroemprende.com\/saborex\/wp-json\/wp\/v2\/product_cat?post=5198"},{"taxonomy":"product_tag","embeddable":true,"href":"https:\/\/queretaroemprende.com\/saborex\/wp-json\/wp\/v2\/product_tag?post=5198"}],"curies":[{"name":"wp","href":"https:\/\/api.w.org\/{rel}","templated":true}]}}